{"id":357,"date":"2021-03-01T00:00:16","date_gmt":"2021-03-01T05:00:16","guid":{"rendered":"http:\/\/sandrajaramillo.com\/site\/?page_id=357"},"modified":"2023-10-16T10:13:05","modified_gmt":"2023-10-16T15:13:05","slug":"libro","status":"publish","type":"page","link":"https:\/\/sandrajaramillo.com\/site\/libro\/","title":{"rendered":"Libro"},"content":{"rendered":"\t\t<div data-elementor-type=\"wp-page\" data-elementor-id=\"357\" class=\"elementor elementor-357\">\n\t\t\t\t\t\t<section class=\"elementor-section elementor-top-section elementor-element elementor-element-ab273cd elementor-section-boxed elementor-section-height-default elementor-section-height-default\" data-id=\"ab273cd\" data-element_type=\"section\" data-e-type=\"section\">\n\t\t\t\t\t\t<div class=\"elementor-container elementor-column-gap-default\">\n\t\t\t\t\t<div class=\"elementor-column elementor-col-50 elementor-top-column elementor-element elementor-element-f469cf7\" data-id=\"f469cf7\" data-element_type=\"column\" data-e-type=\"column\">\n\t\t\t<div class=\"elementor-widget-wrap elementor-element-populated\">\n\t\t\t\t\t\t<div class=\"elementor-element elementor-element-2bef683 elementor-widget elementor-widget-heading\" data-id=\"2bef683\" data-element_type=\"widget\" data-e-type=\"widget\" data-widget_type=\"heading.default\">\n\t\t\t\t<div class=\"elementor-widget-container\">\n\t\t\t\t\t<div class=\"elementor-heading-title elementor-size-default\">La fuerza dentro<\/div>\t\t\t\t<\/div>\n\t\t\t\t<\/div>\n\t\t\t\t<div class=\"elementor-element elementor-element-be680fc elementor-widget elementor-widget-text-editor\" data-id=\"be680fc\" data-element_type=\"widget\" data-e-type=\"widget\" data-widget_type=\"text-editor.default\">\n\t\t\t\t<div class=\"elementor-widget-container\">\n\t\t\t\t\t\t\t\t\t<p class=\"has-medium-font-size\">La fuerza dentro es un testimonio de vida breve y ameno. En cada cap\u00edtulo, el lector encontrar\u00e1 la experiencia de <strong>Sandra Jaramillo<\/strong> en cartas cortas y contundentes, que dirige a un misterioso personaje que ha elegido como corresponsal.<\/p><p class=\"has-medium-font-size\">Este libro es un viaje de la autora por su memoria, con el que lleva de la mano a los lectores por los episodios m\u00e1s significativos de su historia personal. Estas cartas est\u00e1n escritas desde lo m\u00e1s \u00edntimo del coraz\u00f3n, en ellas el reconocimiento de la vulnerabilidad y la fortaleza son las protagonistas, algo con lo que muchos lectores van a poder identificarse.<\/p>\t\t\t\t\t\t\t\t<\/div>\n\t\t\t\t<\/div>\n\t\t\t\t<div class=\"elementor-element elementor-element-6033a89 elementor-invisible elementor-widget elementor-widget-text-editor\" data-id=\"6033a89\" data-element_type=\"widget\" data-e-type=\"widget\" data-settings=\"{&quot;_animation&quot;:&quot;fadeInLeft&quot;}\" data-widget_type=\"text-editor.default\">\n\t\t\t\t<div class=\"elementor-widget-container\">\n\t\t\t\t\t\t\t\t\t<p class=\"has-medium-font-size\"><em>\u00bfQui\u00e9n, despu\u00e9s del miedo, no se anima a buscar el camino de los buenos vientos?<\/em><\/p>\t\t\t\t\t\t\t\t<\/div>\n\t\t\t\t<\/div>\n\t\t\t\t<div class=\"elementor-element elementor-element-550670e elementor-invisible elementor-widget elementor-widget-text-editor\" data-id=\"550670e\" data-element_type=\"widget\" data-e-type=\"widget\" data-settings=\"{&quot;_animation&quot;:&quot;fadeInRight&quot;}\" data-widget_type=\"text-editor.default\">\n\t\t\t\t<div class=\"elementor-widget-container\">\n\t\t\t\t\t\t\t\t\t<p class=\"has-medium-font-size\"><em>\u00bfQui\u00e9n no se siente vulnerable, pero tambi\u00e9n absolutamente capaz de comenzar de nuevo?<\/em><\/p>\t\t\t\t\t\t\t\t<\/div>\n\t\t\t\t<\/div>\n\t\t\t\t<section class=\"elementor-section elementor-inner-section elementor-element elementor-element-cb7ae8e elementor-section-boxed elementor-section-height-default elementor-section-height-default\" data-id=\"cb7ae8e\" data-element_type=\"section\" data-e-type=\"section\" data-settings=\"{&quot;background_background&quot;:&quot;classic&quot;}\">\n\t\t\t\t\t\t<div class=\"elementor-container elementor-column-gap-default\">\n\t\t\t\t\t<div class=\"elementor-column elementor-col-50 elementor-inner-column elementor-element elementor-element-e78d503\" data-id=\"e78d503\" data-element_type=\"column\" data-e-type=\"column\">\n\t\t\t<div class=\"elementor-widget-wrap elementor-element-populated\">\n\t\t\t\t\t\t<div class=\"elementor-element elementor-element-815a8ca elementor-widget elementor-widget-image\" data-id=\"815a8ca\" data-element_type=\"widget\" data-e-type=\"widget\" data-widget_type=\"image.default\">\n\t\t\t\t<div class=\"elementor-widget-container\">\n\t\t\t\t\t\t\t\t\t\t\t\t\t\t\t\t<a href=\"https:\/\/www.larepublica.co\/ocio\/los-libros-recomendados-por-los-empresarios-de-las-grandes-empresas-del-pais-3206441\" target=\"_blank\">\n\t\t\t\t\t\t\t<img fetchpriority=\"high\" decoding=\"async\" width=\"480\" height=\"400\" src=\"https:\/\/sandrajaramillo.com\/site\/wp-content\/uploads\/2021\/12\/Felipe-Bayon-presidente-de-Ecopetrol.jpg\" class=\"attachment-large size-large wp-image-1908\" alt=\"\" srcset=\"https:\/\/sandrajaramillo.com\/site\/wp-content\/uploads\/2021\/12\/Felipe-Bayon-presidente-de-Ecopetrol.jpg 480w, https:\/\/sandrajaramillo.com\/site\/wp-content\/uploads\/2021\/12\/Felipe-Bayon-presidente-de-Ecopetrol-300x250.jpg 300w\" sizes=\"(max-width: 480px) 100vw, 480px\" \/>\t\t\t\t\t\t\t\t<\/a>\n\t\t\t\t\t\t\t\t\t\t\t\t\t\t\t<\/div>\n\t\t\t\t<\/div>\n\t\t\t\t<div class=\"elementor-element elementor-element-b7c1378 elementor-widget elementor-widget-text-editor\" data-id=\"b7c1378\" data-element_type=\"widget\" data-e-type=\"widget\" data-widget_type=\"text-editor.default\">\n\t\t\t\t<div class=\"elementor-widget-container\">\n\t\t\t\t\t\t\t\t\t<p class=\"has-medium-font-size\"><strong>Felipe Bay\u00f3n<\/strong><br \/><strong>Presidente de Ecopetrol<\/strong><\/p>\t\t\t\t\t\t\t\t<\/div>\n\t\t\t\t<\/div>\n\t\t\t\t\t<\/div>\n\t\t<\/div>\n\t\t\t\t<div class=\"elementor-column elementor-col-50 elementor-inner-column elementor-element elementor-element-b6f17f3\" data-id=\"b6f17f3\" data-element_type=\"column\" data-e-type=\"column\">\n\t\t\t<div class=\"elementor-widget-wrap elementor-element-populated\">\n\t\t\t\t\t\t<div class=\"elementor-element elementor-element-cc55a62 elementor-widget elementor-widget-heading\" data-id=\"cc55a62\" data-element_type=\"widget\" data-e-type=\"widget\" data-widget_type=\"heading.default\">\n\t\t\t\t<div class=\"elementor-widget-container\">\n\t\t\t\t\t<div class=\"elementor-heading-title elementor-size-default\"><a href=\"https:\/\/www.larepublica.co\/ocio\/los-libros-recomendados-por-los-empresarios-de-las-grandes-empresas-del-pais-3206441\" target=\"_blank\">Los 10 libros que los presidentes de las grandes empresas del pa\u00eds recomiendan leer<\/a><\/div>\t\t\t\t<\/div>\n\t\t\t\t<\/div>\n\t\t\t\t<div class=\"elementor-element elementor-element-1cd9341 elementor-widget elementor-widget-text-editor\" data-id=\"1cd9341\" data-element_type=\"widget\" data-e-type=\"widget\" data-widget_type=\"text-editor.default\">\n\t\t\t\t<div class=\"elementor-widget-container\">\n\t\t\t\t\t\t\t\t\t<p class=\"has-medium-font-size\">Entre los t\u00edtulos sugeridos por ejecutivos como Felipe Bay\u00f3n, ex-presidente de Ecopetrol, est\u00e1n \u2018La fuerza dentro\u2019, \u2018c\u00f3mo evitar un desastre clim\u00e1tico\u2019, entre otros.<br \/><a href=\"https:\/\/www.larepublica.co\/ocio\/los-libros-recomendados-por-los-empresarios-de-las-grandes-empresas-del-pais-3206441\" target=\"_blank\" rel=\"noopener\">+ Seguir leyendo<\/a><\/p>\t\t\t\t\t\t\t\t<\/div>\n\t\t\t\t<\/div>\n\t\t\t\t\t<\/div>\n\t\t<\/div>\n\t\t\t\t\t<\/div>\n\t\t<\/section>\n\t\t\t\t\t<\/div>\n\t\t<\/div>\n\t\t\t\t<div class=\"elementor-column elementor-col-50 elementor-top-column elementor-element elementor-element-4ec60b4\" data-id=\"4ec60b4\" data-element_type=\"column\" data-e-type=\"column\">\n\t\t\t<div class=\"elementor-widget-wrap elementor-element-populated\">\n\t\t\t\t\t\t<div class=\"elementor-element elementor-element-d2f4971 elementor-widget elementor-widget-image\" data-id=\"d2f4971\" data-element_type=\"widget\" data-e-type=\"widget\" data-widget_type=\"image.default\">\n\t\t\t\t<div class=\"elementor-widget-container\">\n\t\t\t\t\t\t\t\t\t\t\t\t\t\t\t\t<a href=\"https:\/\/www.amazon.com\/Fuerza-Dentro-Cartas-intruso-Spanish-ebook\/dp\/B08CY7T8XQ\" target=\"_blank\">\n\t\t\t\t\t\t\t<img decoding=\"async\" width=\"1024\" height=\"1024\" src=\"https:\/\/sandrajaramillo.com\/site\/wp-content\/uploads\/2021\/05\/sandrajaramillo_lafuerzadentro_portada.jpg\" class=\"attachment-large size-large wp-image-1176\" alt=\"\" srcset=\"https:\/\/sandrajaramillo.com\/site\/wp-content\/uploads\/2021\/05\/sandrajaramillo_lafuerzadentro_portada.jpg 1024w, https:\/\/sandrajaramillo.com\/site\/wp-content\/uploads\/2021\/05\/sandrajaramillo_lafuerzadentro_portada-300x300.jpg 300w, https:\/\/sandrajaramillo.com\/site\/wp-content\/uploads\/2021\/05\/sandrajaramillo_lafuerzadentro_portada-150x150.jpg 150w, https:\/\/sandrajaramillo.com\/site\/wp-content\/uploads\/2021\/05\/sandrajaramillo_lafuerzadentro_portada-768x768.jpg 768w, https:\/\/sandrajaramillo.com\/site\/wp-content\/uploads\/2021\/05\/sandrajaramillo_lafuerzadentro_portada-600x600.jpg 600w, https:\/\/sandrajaramillo.com\/site\/wp-content\/uploads\/2021\/05\/sandrajaramillo_lafuerzadentro_portada-100x100.jpg 100w\" sizes=\"(max-width: 1024px) 100vw, 1024px\" \/>\t\t\t\t\t\t\t\t<\/a>\n\t\t\t\t\t\t\t\t\t\t\t\t\t\t\t<\/div>\n\t\t\t\t<\/div>\n\t\t\t\t<div class=\"elementor-element elementor-element-82c2b61 elementor-align-center elementor-widget elementor-widget-button\" data-id=\"82c2b61\" data-element_type=\"widget\" data-e-type=\"widget\" data-widget_type=\"button.default\">\n\t\t\t\t<div class=\"elementor-widget-container\">\n\t\t\t\t\t\t\t\t\t<div class=\"elementor-button-wrapper\">\n\t\t\t\t\t<a class=\"elementor-button elementor-button-link elementor-size-lg\" href=\"https:\/\/www.amazon.com\/Fuerza-Dentro-Cartas-intruso-Spanish-ebook\/dp\/B08CY7T8XQ\" target=\"_blank\">\n\t\t\t\t\t\t<span class=\"elementor-button-content-wrapper\">\n\t\t\t\t\t\t<span class=\"elementor-button-icon\">\n\t\t\t\t<i aria-hidden=\"true\" class=\"fab fa-amazon\"><\/i>\t\t\t<\/span>\n\t\t\t\t\t\t\t\t\t<span class=\"elementor-button-text\">Comprar en Amazon<\/span>\n\t\t\t\t\t<\/span>\n\t\t\t\t\t<\/a>\n\t\t\t\t<\/div>\n\t\t\t\t\t\t\t\t<\/div>\n\t\t\t\t<\/div>\n\t\t\t\t<div class=\"elementor-element elementor-element-66f5800 elementor-widget-divider--view-line elementor-widget elementor-widget-divider\" data-id=\"66f5800\" data-element_type=\"widget\" data-e-type=\"widget\" data-widget_type=\"divider.default\">\n\t\t\t\t<div class=\"elementor-widget-container\">\n\t\t\t\t\t\t\t<div class=\"elementor-divider\">\n\t\t\t<span class=\"elementor-divider-separator\">\n\t\t\t\t\t\t<\/span>\n\t\t<\/div>\n\t\t\t\t\t\t<\/div>\n\t\t\t\t<\/div>\n\t\t\t\t\t<\/div>\n\t\t<\/div>\n\t\t\t\t\t<\/div>\n\t\t<\/section>\n\t\t\t\t<section class=\"elementor-section elementor-top-section elementor-element elementor-element-1b4e810 elementor-section-content-middle elementor-section-boxed elementor-section-height-default elementor-section-height-default\" data-id=\"1b4e810\" data-element_type=\"section\" data-e-type=\"section\" data-settings=\"{&quot;background_background&quot;:&quot;classic&quot;}\">\n\t\t\t\t\t\t\t<div class=\"elementor-background-overlay\"><\/div>\n\t\t\t\t\t\t\t<div class=\"elementor-container elementor-column-gap-default\">\n\t\t\t\t\t<div class=\"elementor-column elementor-col-100 elementor-top-column elementor-element elementor-element-c783c19\" data-id=\"c783c19\" data-element_type=\"column\" data-e-type=\"column\" data-settings=\"{&quot;background_background&quot;:&quot;classic&quot;}\">\n\t\t\t<div class=\"elementor-widget-wrap elementor-element-populated\">\n\t\t\t\t\t\t<section class=\"elementor-section elementor-inner-section elementor-element elementor-element-62c2517 elementor-section-boxed elementor-section-height-default elementor-section-height-default\" data-id=\"62c2517\" data-element_type=\"section\" data-e-type=\"section\">\n\t\t\t\t\t\t<div class=\"elementor-container elementor-column-gap-default\">\n\t\t\t\t\t<div class=\"elementor-column elementor-col-100 elementor-inner-column elementor-element elementor-element-8aabaa5\" data-id=\"8aabaa5\" data-element_type=\"column\" data-e-type=\"column\">\n\t\t\t<div class=\"elementor-widget-wrap elementor-element-populated\">\n\t\t\t\t\t\t<div class=\"elementor-element elementor-element-b92c60a elementor-widget elementor-widget-heading\" data-id=\"b92c60a\" data-element_type=\"widget\" data-e-type=\"widget\" data-widget_type=\"heading.default\">\n\t\t\t\t<div class=\"elementor-widget-container\">\n\t\t\t\t\t<h2 class=\"elementor-heading-title elementor-size-xl\">TESTIMONIOS<\/h2>\t\t\t\t<\/div>\n\t\t\t\t<\/div>\n\t\t\t\t\t<\/div>\n\t\t<\/div>\n\t\t\t\t\t<\/div>\n\t\t<\/section>\n\t\t\t\t<section class=\"elementor-section elementor-inner-section elementor-element elementor-element-675c9ca elementor-section-content-middle elementor-section-boxed elementor-section-height-default elementor-section-height-default\" data-id=\"675c9ca\" data-element_type=\"section\" data-e-type=\"section\" data-settings=\"{&quot;background_background&quot;:&quot;classic&quot;}\">\n\t\t\t\t\t\t<div class=\"elementor-container elementor-column-gap-default\">\n\t\t\t\t\t<div class=\"elementor-column elementor-col-25 elementor-inner-column elementor-element elementor-element-c2f7aa3\" data-id=\"c2f7aa3\" data-element_type=\"column\" data-e-type=\"column\" data-settings=\"{&quot;background_background&quot;:&quot;classic&quot;}\">\n\t\t\t<div class=\"elementor-widget-wrap elementor-element-populated\">\n\t\t\t\t\t\t<div class=\"elementor-element elementor-element-df74faf elementor-widget elementor-widget-image\" data-id=\"df74faf\" data-element_type=\"widget\" data-e-type=\"widget\" data-widget_type=\"image.default\">\n\t\t\t\t<div class=\"elementor-widget-container\">\n\t\t\t\t\t\t\t\t\t\t\t\t\t\t\t<img decoding=\"async\" width=\"46\" height=\"40\" src=\"https:\/\/sandrajaramillo.com\/site\/wp-content\/uploads\/2021\/03\/sandrajaramillo_icon_quotes_1.png\" class=\"attachment-large size-large wp-image-491\" alt=\"\" \/>\t\t\t\t\t\t\t\t\t\t\t\t\t\t\t<\/div>\n\t\t\t\t<\/div>\n\t\t\t\t\t<\/div>\n\t\t<\/div>\n\t\t\t\t<div class=\"elementor-column elementor-col-25 elementor-inner-column elementor-element elementor-element-3e06684\" data-id=\"3e06684\" data-element_type=\"column\" data-e-type=\"column\" data-settings=\"{&quot;background_background&quot;:&quot;classic&quot;}\">\n\t\t\t<div class=\"elementor-widget-wrap elementor-element-populated\">\n\t\t\t\t\t\t<div class=\"elementor-element elementor-element-917906e elementor-widget elementor-widget-text-editor\" data-id=\"917906e\" data-element_type=\"widget\" data-e-type=\"widget\" data-widget_type=\"text-editor.default\">\n\t\t\t\t<div class=\"elementor-widget-container\">\n\t\t\t\t\t\t\t\t\t<p>Este libro me abri\u00f3 los ojos a entender que la felicidad no es un objetivo sino un estado que depende unicamente de m\u00ed. Lo que muchos llaman adversidad son \u00fanicamente pistas y ense\u00f1anzas hacia la plenitud. Gracias Sandra por mostrar el camino a trav\u00e9s de tu historia personal que no solo es conmovedora sino adem\u00e1s una gran fuente de inspiraci\u00f3n<br \/><strong>C\u00e9sar (M\u00e9rida, M\u00e9xico)<\/strong><\/p>\t\t\t\t\t\t\t\t<\/div>\n\t\t\t\t<\/div>\n\t\t\t\t\t<\/div>\n\t\t<\/div>\n\t\t\t\t<div class=\"elementor-column elementor-col-25 elementor-inner-column elementor-element elementor-element-8833044\" data-id=\"8833044\" data-element_type=\"column\" data-e-type=\"column\">\n\t\t\t<div class=\"elementor-widget-wrap elementor-element-populated\">\n\t\t\t\t\t\t<div class=\"elementor-element elementor-element-b2e7fd5 elementor-widget elementor-widget-text-editor\" data-id=\"b2e7fd5\" data-element_type=\"widget\" data-e-type=\"widget\" data-widget_type=\"text-editor.default\">\n\t\t\t\t<div class=\"elementor-widget-container\">\n\t\t\t\t\t\t\t\t\t<p>\u00a1Imperdible! Es una historia real, sentida, sin pretensiones y verdaderamente inspiradora. Cada carta escrita a ese intruso lo pone a uno a pensar en cuantas cosas da uno por sentadas en la vida y en cualquier momento pueden cambiar. Ademas, queda uno reflexionando en como si se pierde en el camino de cumplir el prop\u00f3sito de ser feliz y conectarse con lo que realmente va dar sentido a su existencia, la vida misma se puede encargar de \u201crecord\u00e1rtelo\u201d. \u00a1Totalmente recomendado!.<br \/><strong>Roberto (Manizales, Colombia)<\/strong><\/p>\t\t\t\t\t\t\t\t<\/div>\n\t\t\t\t<\/div>\n\t\t\t\t\t<\/div>\n\t\t<\/div>\n\t\t\t\t<div class=\"elementor-column elementor-col-25 elementor-inner-column elementor-element elementor-element-2760823\" data-id=\"2760823\" data-element_type=\"column\" data-e-type=\"column\" data-settings=\"{&quot;background_background&quot;:&quot;classic&quot;}\">\n\t\t\t<div class=\"elementor-widget-wrap\">\n\t\t\t\t\t\t\t<\/div>\n\t\t<\/div>\n\t\t\t\t\t<\/div>\n\t\t<\/section>\n\t\t\t\t<section class=\"elementor-section elementor-inner-section elementor-element elementor-element-266dd96 elementor-section-content-middle elementor-section-boxed elementor-section-height-default elementor-section-height-default\" data-id=\"266dd96\" data-element_type=\"section\" data-e-type=\"section\" data-settings=\"{&quot;background_background&quot;:&quot;classic&quot;}\">\n\t\t\t\t\t\t<div class=\"elementor-container elementor-column-gap-default\">\n\t\t\t\t\t<div class=\"elementor-column elementor-col-25 elementor-inner-column elementor-element elementor-element-5d26deb\" data-id=\"5d26deb\" data-element_type=\"column\" data-e-type=\"column\" data-settings=\"{&quot;background_background&quot;:&quot;classic&quot;}\">\n\t\t\t<div class=\"elementor-widget-wrap\">\n\t\t\t\t\t\t\t<\/div>\n\t\t<\/div>\n\t\t\t\t<div class=\"elementor-column elementor-col-25 elementor-inner-column elementor-element elementor-element-d993534\" data-id=\"d993534\" data-element_type=\"column\" data-e-type=\"column\" data-settings=\"{&quot;background_background&quot;:&quot;classic&quot;}\">\n\t\t\t<div class=\"elementor-widget-wrap elementor-element-populated\">\n\t\t\t\t\t\t<div class=\"elementor-element elementor-element-75592de elementor-widget elementor-widget-text-editor\" data-id=\"75592de\" data-element_type=\"widget\" data-e-type=\"widget\" data-widget_type=\"text-editor.default\">\n\t\t\t\t<div class=\"elementor-widget-container\">\n\t\t\t\t\t\t\t\t\t<p>\u00a1Me toc\u00f3 el coraz\u00f3n! Hace mucho no le\u00eda un libro en el que no pude parar de leer una vez comenc\u00e9. Es una lectura muy amena y te pone a pensar mucho acerca de la vida misma, las rutas que hemos tomado, y c\u00f3mo enfocar el resto del camino. <br \/><strong>Ander (Bogot\u00e1, Colombia)<\/strong><\/p>\t\t\t\t\t\t\t\t<\/div>\n\t\t\t\t<\/div>\n\t\t\t\t\t<\/div>\n\t\t<\/div>\n\t\t\t\t<div class=\"elementor-column elementor-col-25 elementor-inner-column elementor-element elementor-element-75a9b1b\" data-id=\"75a9b1b\" data-element_type=\"column\" data-e-type=\"column\">\n\t\t\t<div class=\"elementor-widget-wrap elementor-element-populated\">\n\t\t\t\t\t\t<div class=\"elementor-element elementor-element-09b91c1 elementor-widget elementor-widget-text-editor\" data-id=\"09b91c1\" data-element_type=\"widget\" data-e-type=\"widget\" data-widget_type=\"text-editor.default\">\n\t\t\t\t<div class=\"elementor-widget-container\">\n\t\t\t\t\t\t\t\t\t<p>Sandra es una inspiraci\u00f3n para cualquier persona que busque ser feliz. En este libro nos abre su coraz\u00f3n y a trav\u00e9s de su experiencia personal nos ayuda a reconciliarnos y reencontrarnos a nosotros mismos, cuando todo parece gris y adverso. Es un libro sobre el amor, la esperanza y la felicidad.<br \/><strong>Paulo (Par\u00eds, Francia)<\/strong><\/p>\t\t\t\t\t\t\t\t<\/div>\n\t\t\t\t<\/div>\n\t\t\t\t\t<\/div>\n\t\t<\/div>\n\t\t\t\t<div class=\"elementor-column elementor-col-25 elementor-inner-column elementor-element elementor-element-835683f\" data-id=\"835683f\" data-element_type=\"column\" data-e-type=\"column\" data-settings=\"{&quot;background_background&quot;:&quot;classic&quot;}\">\n\t\t\t<div class=\"elementor-widget-wrap elementor-element-populated\">\n\t\t\t\t\t\t<div class=\"elementor-element elementor-element-b544747 elementor-widget elementor-widget-image\" data-id=\"b544747\" data-element_type=\"widget\" data-e-type=\"widget\" data-widget_type=\"image.default\">\n\t\t\t\t<div class=\"elementor-widget-container\">\n\t\t\t\t\t\t\t\t\t\t\t\t\t\t\t<img loading=\"lazy\" decoding=\"async\" width=\"46\" height=\"40\" src=\"https:\/\/sandrajaramillo.com\/site\/wp-content\/uploads\/2021\/03\/sandrajaramillo_icon_quotes_2.png\" class=\"attachment-large size-large wp-image-495\" alt=\"\" \/>\t\t\t\t\t\t\t\t\t\t\t\t\t\t\t<\/div>\n\t\t\t\t<\/div>\n\t\t\t\t\t<\/div>\n\t\t<\/div>\n\t\t\t\t\t<\/div>\n\t\t<\/section>\n\t\t\t\t\t<\/div>\n\t\t<\/div>\n\t\t\t\t\t<\/div>\n\t\t<\/section>\n\t\t\t\t<\/div>\n\t\t","protected":false},"excerpt":{"rendered":"<p>La fuerza dentro La fuerza dentro es un testimonio de vida breve y ameno. En cada cap\u00edtulo, el lector encontrar\u00e1 la experiencia de Sandra Jaramillo en cartas cortas y contundentes, que dirige a un misterioso personaje que ha elegido como corresponsal. Este libro es un viaje de la autora por su memoria, con el que&hellip;&nbsp;<a href=\"https:\/\/sandrajaramillo.com\/site\/libro\/\" class=\"\" rel=\"bookmark\">Leer m\u00e1s &raquo;<span class=\"screen-reader-text\">Libro<\/span><\/a><\/p>\n","protected":false},"author":1,"featured_media":0,"parent":0,"menu_order":400,"comment_status":"closed","ping_status":"closed","template":"page-templates\/template-pagebuilder-full-width.php","meta":{"neve_meta_sidebar":"full-width","neve_meta_container":"","neve_meta_enable_content_width":"on","neve_meta_content_width":100,"neve_meta_title_alignment":"","neve_meta_author_avatar":"","neve_post_elements_order":"","neve_meta_disable_header":"","neve_meta_disable_footer":"","neve_meta_disable_title":"","footnotes":""},"class_list":["post-357","page","type-page","status-publish","hentry"],"_links":{"self":[{"href":"https:\/\/sandrajaramillo.com\/site\/wp-json\/wp\/v2\/pages\/357","targetHints":{"allow":["GET"]}}],"collection":[{"href":"https:\/\/sandrajaramillo.com\/site\/wp-json\/wp\/v2\/pages"}],"about":[{"href":"https:\/\/sandrajaramillo.com\/site\/wp-json\/wp\/v2\/types\/page"}],"author":[{"embeddable":true,"href":"https:\/\/sandrajaramillo.com\/site\/wp-json\/wp\/v2\/users\/1"}],"replies":[{"embeddable":true,"href":"https:\/\/sandrajaramillo.com\/site\/wp-json\/wp\/v2\/comments?post=357"}],"version-history":[{"count":140,"href":"https:\/\/sandrajaramillo.com\/site\/wp-json\/wp\/v2\/pages\/357\/revisions"}],"predecessor-version":[{"id":2146,"href":"https:\/\/sandrajaramillo.com\/site\/wp-json\/wp\/v2\/pages\/357\/revisions\/2146"}],"wp:attachment":[{"href":"https:\/\/sandrajaramillo.com\/site\/wp-json\/wp\/v2\/media?parent=357"}],"curies":[{"name":"wp","href":"https:\/\/api.w.org\/{rel}","templated":true}]}}