{"id":326,"date":"2021-03-01T00:00:58","date_gmt":"2021-03-01T05:00:58","guid":{"rendered":"http:\/\/sandrajaramillo.com\/site\/?page_id=326"},"modified":"2023-06-01T16:14:19","modified_gmt":"2023-06-01T21:14:19","slug":"musica","status":"publish","type":"page","link":"https:\/\/sandrajaramillo.com\/site\/musica\/","title":{"rendered":"M\u00fasica"},"content":{"rendered":"\t\t<div data-elementor-type=\"wp-page\" data-elementor-id=\"326\" class=\"elementor elementor-326\">\n\t\t\t\t\t\t<section class=\"elementor-section elementor-top-section elementor-element elementor-element-f9f435b elementor-section-boxed elementor-section-height-default elementor-section-height-default\" data-id=\"f9f435b\" data-element_type=\"section\" data-e-type=\"section\">\n\t\t\t\t\t\t<div class=\"elementor-container elementor-column-gap-default\">\n\t\t\t\t\t<div class=\"elementor-column elementor-col-50 elementor-top-column elementor-element elementor-element-dcc1d3a\" data-id=\"dcc1d3a\" data-element_type=\"column\" data-e-type=\"column\">\n\t\t\t<div class=\"elementor-widget-wrap elementor-element-populated\">\n\t\t\t\t\t\t<div class=\"elementor-element elementor-element-2fde71e elementor-widget elementor-widget-heading\" data-id=\"2fde71e\" data-element_type=\"widget\" data-e-type=\"widget\" data-widget_type=\"heading.default\">\n\t\t\t\t<div class=\"elementor-widget-container\">\n\t\t\t\t\t<div class=\"elementor-heading-title elementor-size-default\">La m\u00fasica mi gran aliada, me condujo&nbsp;al inmenso placer que siento de poder&nbsp;hacer lo que m\u00e1s amo y as\u00ed inspirar y&nbsp;contagiar de buena energ\u00eda a quienes&nbsp;escuchan mis canciones.<\/div>\t\t\t\t<\/div>\n\t\t\t\t<\/div>\n\t\t\t\t\t<\/div>\n\t\t<\/div>\n\t\t\t\t<div class=\"elementor-column elementor-col-50 elementor-top-column elementor-element elementor-element-2bfc321\" data-id=\"2bfc321\" data-element_type=\"column\" data-e-type=\"column\">\n\t\t\t<div class=\"elementor-widget-wrap elementor-element-populated\">\n\t\t\t\t\t\t<div class=\"elementor-element elementor-element-6fffe6e elementor-widget elementor-widget-video\" data-id=\"6fffe6e\" data-element_type=\"widget\" data-e-type=\"widget\" data-settings=\"{&quot;youtube_url&quot;:&quot;https:\\\/\\\/www.youtube.com\\\/watch?v=fBoVmF5DbfQ&quot;,&quot;video_type&quot;:&quot;youtube&quot;,&quot;controls&quot;:&quot;yes&quot;}\" data-widget_type=\"video.default\">\n\t\t\t\t<div class=\"elementor-widget-container\">\n\t\t\t\t\t\t\t<div class=\"elementor-wrapper elementor-open-inline\">\n\t\t\t<div class=\"elementor-video\"><\/div>\t\t<\/div>\n\t\t\t\t\t\t<\/div>\n\t\t\t\t<\/div>\n\t\t\t\t<div class=\"elementor-element elementor-element-88b9833 elementor-widget elementor-widget-text-editor\" data-id=\"88b9833\" data-element_type=\"widget\" data-e-type=\"widget\" data-widget_type=\"text-editor.default\">\n\t\t\t\t<div class=\"elementor-widget-container\">\n\t\t\t\t\t\t\t\t\t<p>Al \u201c<strong>Celebrar<\/strong>\u201d activamos en el cuerpo qu\u00edmicos como la serotonina, que nos hacen sentir de manera extraordinaria. Nuestro sistema nervioso se va a revitalizar y va a querer sentirse as\u00ed de bien con regularidad. Celebra cada paso, cada logro, celebra la vida y lo maravilloso que eres.<\/p>\t\t\t\t\t\t\t\t<\/div>\n\t\t\t\t<\/div>\n\t\t\t\t\t<\/div>\n\t\t<\/div>\n\t\t\t\t\t<\/div>\n\t\t<\/section>\n\t\t\t\t<section class=\"elementor-section elementor-top-section elementor-element elementor-element-f26c127 elementor-section-boxed elementor-section-height-default elementor-section-height-default\" data-id=\"f26c127\" data-element_type=\"section\" data-e-type=\"section\" data-settings=\"{&quot;background_background&quot;:&quot;classic&quot;}\">\n\t\t\t\t\t\t<div class=\"elementor-container elementor-column-gap-default\">\n\t\t\t\t\t<div class=\"elementor-column elementor-col-100 elementor-top-column elementor-element elementor-element-43fb694\" data-id=\"43fb694\" data-element_type=\"column\" data-e-type=\"column\">\n\t\t\t<div class=\"elementor-widget-wrap elementor-element-populated\">\n\t\t\t\t\t\t<div class=\"elementor-element elementor-element-42fe6e8 elementor-widget elementor-widget-heading\" data-id=\"42fe6e8\" data-element_type=\"widget\" data-e-type=\"widget\" data-widget_type=\"heading.default\">\n\t\t\t\t<div class=\"elementor-widget-container\">\n\t\t\t\t\t<h5 class=\"elementor-heading-title elementor-size-xl\">Discograf\u00eda<\/h5>\t\t\t\t<\/div>\n\t\t\t\t<\/div>\n\t\t\t\t\t<\/div>\n\t\t<\/div>\n\t\t\t\t\t<\/div>\n\t\t<\/section>\n\t\t\t\t<section class=\"elementor-section elementor-top-section elementor-element elementor-element-4c55184 elementor-section-boxed elementor-section-height-default elementor-section-height-default\" data-id=\"4c55184\" data-element_type=\"section\" data-e-type=\"section\" data-settings=\"{&quot;background_background&quot;:&quot;classic&quot;}\">\n\t\t\t\t\t\t<div class=\"elementor-container elementor-column-gap-default\">\n\t\t\t\t\t<div class=\"elementor-column elementor-col-25 elementor-top-column elementor-element elementor-element-fda041f\" data-id=\"fda041f\" data-element_type=\"column\" data-e-type=\"column\">\n\t\t\t<div class=\"elementor-widget-wrap elementor-element-populated\">\n\t\t\t\t\t\t<div class=\"elementor-element elementor-element-994cc29 elementor-widget elementor-widget-image\" data-id=\"994cc29\" data-element_type=\"widget\" data-e-type=\"widget\" data-widget_type=\"image.default\">\n\t\t\t\t<div class=\"elementor-widget-container\">\n\t\t\t\t\t\t\t\t\t\t\t\t\t\t\t<img decoding=\"async\" width=\"200\" height=\"177\" src=\"https:\/\/sandrajaramillo.com\/site\/wp-content\/uploads\/2021\/07\/sandrajaramillo_musica_la_fuerza_dentro.jpg\" class=\"attachment-large size-large wp-image-1424\" alt=\"\" \/>\t\t\t\t\t\t\t\t\t\t\t\t\t\t\t<\/div>\n\t\t\t\t<\/div>\n\t\t\t\t\t<\/div>\n\t\t<\/div>\n\t\t\t\t<div class=\"elementor-column elementor-col-25 elementor-top-column elementor-element elementor-element-5fdff1d\" data-id=\"5fdff1d\" data-element_type=\"column\" data-e-type=\"column\">\n\t\t\t<div class=\"elementor-widget-wrap elementor-element-populated\">\n\t\t\t\t\t\t<div class=\"elementor-element elementor-element-6111f4e elementor-widget elementor-widget-image\" data-id=\"6111f4e\" data-element_type=\"widget\" data-e-type=\"widget\" data-widget_type=\"image.default\">\n\t\t\t\t<div class=\"elementor-widget-container\">\n\t\t\t\t\t\t\t\t\t\t\t\t\t\t\t<img decoding=\"async\" width=\"200\" height=\"177\" src=\"https:\/\/sandrajaramillo.com\/site\/wp-content\/uploads\/2021\/03\/sandrajaramillo_musica_de_todos_los_amores.jpg\" class=\"attachment-large size-large wp-image-651\" alt=\"\" \/>\t\t\t\t\t\t\t\t\t\t\t\t\t\t\t<\/div>\n\t\t\t\t<\/div>\n\t\t\t\t\t<\/div>\n\t\t<\/div>\n\t\t\t\t<div class=\"elementor-column elementor-col-25 elementor-top-column elementor-element elementor-element-189fd97\" data-id=\"189fd97\" data-element_type=\"column\" data-e-type=\"column\">\n\t\t\t<div class=\"elementor-widget-wrap elementor-element-populated\">\n\t\t\t\t\t\t<div class=\"elementor-element elementor-element-bb98947 elementor-widget elementor-widget-image\" data-id=\"bb98947\" data-element_type=\"widget\" data-e-type=\"widget\" data-widget_type=\"image.default\">\n\t\t\t\t<div class=\"elementor-widget-container\">\n\t\t\t\t\t\t\t\t\t\t\t\t\t\t\t<img decoding=\"async\" width=\"200\" height=\"177\" src=\"https:\/\/sandrajaramillo.com\/site\/wp-content\/uploads\/2021\/03\/sandrajaramillo_musica_que_te_vaya_bien.jpg\" class=\"attachment-large size-large wp-image-653\" alt=\"\" \/>\t\t\t\t\t\t\t\t\t\t\t\t\t\t\t<\/div>\n\t\t\t\t<\/div>\n\t\t\t\t\t<\/div>\n\t\t<\/div>\n\t\t\t\t<div class=\"elementor-column elementor-col-25 elementor-top-column elementor-element elementor-element-ce527b1\" data-id=\"ce527b1\" data-element_type=\"column\" data-e-type=\"column\">\n\t\t\t<div class=\"elementor-widget-wrap elementor-element-populated\">\n\t\t\t\t\t\t<div class=\"elementor-element elementor-element-86b96d0 elementor-widget elementor-widget-image\" data-id=\"86b96d0\" data-element_type=\"widget\" data-e-type=\"widget\" data-widget_type=\"image.default\">\n\t\t\t\t<div class=\"elementor-widget-container\">\n\t\t\t\t\t\t\t\t\t\t\t\t\t\t\t<img loading=\"lazy\" decoding=\"async\" width=\"200\" height=\"177\" src=\"https:\/\/sandrajaramillo.com\/site\/wp-content\/uploads\/2021\/03\/sandrajaramillo_musica_me_tiempos_vendran.jpg\" class=\"attachment-large size-large wp-image-652\" alt=\"\" \/>\t\t\t\t\t\t\t\t\t\t\t\t\t\t\t<\/div>\n\t\t\t\t<\/div>\n\t\t\t\t\t<\/div>\n\t\t<\/div>\n\t\t\t\t\t<\/div>\n\t\t<\/section>\n\t\t\t\t<section class=\"elementor-section elementor-top-section elementor-element elementor-element-6e5eadc elementor-section-boxed elementor-section-height-default elementor-section-height-default\" data-id=\"6e5eadc\" data-element_type=\"section\" data-e-type=\"section\" data-settings=\"{&quot;background_background&quot;:&quot;classic&quot;}\">\n\t\t\t\t\t\t<div class=\"elementor-container elementor-column-gap-default\">\n\t\t\t\t\t<div class=\"elementor-column elementor-col-100 elementor-top-column elementor-element elementor-element-8f2d570\" data-id=\"8f2d570\" data-element_type=\"column\" data-e-type=\"column\">\n\t\t\t<div class=\"elementor-widget-wrap elementor-element-populated\">\n\t\t\t\t\t\t<div class=\"elementor-element elementor-element-dbdb0a7 elementor-widget elementor-widget-heading\" data-id=\"dbdb0a7\" data-element_type=\"widget\" data-e-type=\"widget\" data-widget_type=\"heading.default\">\n\t\t\t\t<div class=\"elementor-widget-container\">\n\t\t\t\t\t<h3 class=\"elementor-heading-title elementor-size-default\">Disponible en <\/h3>\t\t\t\t<\/div>\n\t\t\t\t<\/div>\n\t\t\t\t\t<\/div>\n\t\t<\/div>\n\t\t\t\t\t<\/div>\n\t\t<\/section>\n\t\t\t\t<section class=\"elementor-section elementor-top-section elementor-element elementor-element-5806ac7 elementor-section-boxed elementor-section-height-default elementor-section-height-default\" data-id=\"5806ac7\" data-element_type=\"section\" data-e-type=\"section\" data-settings=\"{&quot;background_background&quot;:&quot;classic&quot;}\">\n\t\t\t\t\t\t\t<div class=\"elementor-background-overlay\"><\/div>\n\t\t\t\t\t\t\t<div class=\"elementor-container elementor-column-gap-default\">\n\t\t\t\t\t<div class=\"elementor-column elementor-col-100 elementor-top-column elementor-element elementor-element-400e3d7\" data-id=\"400e3d7\" data-element_type=\"column\" data-e-type=\"column\">\n\t\t\t<div class=\"elementor-widget-wrap elementor-element-populated\">\n\t\t\t\t\t\t<section class=\"elementor-section elementor-inner-section elementor-element elementor-element-58e4fe0 elementor-section-boxed elementor-section-height-default elementor-section-height-default\" data-id=\"58e4fe0\" data-element_type=\"section\" data-e-type=\"section\">\n\t\t\t\t\t\t<div class=\"elementor-container elementor-column-gap-no\">\n\t\t\t\t\t<div class=\"elementor-column elementor-col-33 elementor-inner-column elementor-element elementor-element-bc349e9\" data-id=\"bc349e9\" data-element_type=\"column\" data-e-type=\"column\">\n\t\t\t<div class=\"elementor-widget-wrap elementor-element-populated\">\n\t\t\t\t\t\t<div class=\"elementor-element elementor-element-83f6c7e elementor-view-stacked elementor-shape-square elementor-widget elementor-widget-icon\" data-id=\"83f6c7e\" data-element_type=\"widget\" data-e-type=\"widget\" data-widget_type=\"icon.default\">\n\t\t\t\t<div class=\"elementor-widget-container\">\n\t\t\t\t\t\t\t<div class=\"elementor-icon-wrapper\">\n\t\t\t<a class=\"elementor-icon\" href=\"https:\/\/open.spotify.com\/artist\/2RKDP9PKo7W6oufIIG1Zah\" target=\"_blank\">\n\t\t\t<i aria-hidden=\"true\" class=\"fab fa-spotify\"><\/i>\t\t\t<\/a>\n\t\t<\/div>\n\t\t\t\t\t\t<\/div>\n\t\t\t\t<\/div>\n\t\t\t\t\t<\/div>\n\t\t<\/div>\n\t\t\t\t<div class=\"elementor-column elementor-col-33 elementor-inner-column elementor-element elementor-element-b4ec46a\" data-id=\"b4ec46a\" data-element_type=\"column\" data-e-type=\"column\">\n\t\t\t<div class=\"elementor-widget-wrap elementor-element-populated\">\n\t\t\t\t\t\t<div class=\"elementor-element elementor-element-3a28ecb elementor-view-stacked elementor-shape-square elementor-widget elementor-widget-icon\" data-id=\"3a28ecb\" data-element_type=\"widget\" data-e-type=\"widget\" data-widget_type=\"icon.default\">\n\t\t\t\t<div class=\"elementor-widget-container\">\n\t\t\t\t\t\t\t<div class=\"elementor-icon-wrapper\">\n\t\t\t<a class=\"elementor-icon\" href=\"https:\/\/music.apple.com\/co\/artist\/sandra-jaramillo\/1495715286\" target=\"_blank\">\n\t\t\t<i aria-hidden=\"true\" class=\"fab fa-apple\"><\/i>\t\t\t<\/a>\n\t\t<\/div>\n\t\t\t\t\t\t<\/div>\n\t\t\t\t<\/div>\n\t\t\t\t\t<\/div>\n\t\t<\/div>\n\t\t\t\t<div class=\"elementor-column elementor-col-33 elementor-inner-column elementor-element elementor-element-5cdb3c4\" data-id=\"5cdb3c4\" data-element_type=\"column\" data-e-type=\"column\">\n\t\t\t<div class=\"elementor-widget-wrap elementor-element-populated\">\n\t\t\t\t\t\t<div class=\"elementor-element elementor-element-e9758ea elementor-view-stacked elementor-shape-square elementor-widget elementor-widget-icon\" data-id=\"e9758ea\" data-element_type=\"widget\" data-e-type=\"widget\" data-widget_type=\"icon.default\">\n\t\t\t\t<div class=\"elementor-widget-container\">\n\t\t\t\t\t\t\t<div class=\"elementor-icon-wrapper\">\n\t\t\t<a class=\"elementor-icon\" href=\"https:\/\/www.deezer.com\/es\/artist\/80967012\" target=\"_blank\">\n\t\t\t<i aria-hidden=\"true\" class=\"fab fa-deezer\"><\/i>\t\t\t<\/a>\n\t\t<\/div>\n\t\t\t\t\t\t<\/div>\n\t\t\t\t<\/div>\n\t\t\t\t\t<\/div>\n\t\t<\/div>\n\t\t\t\t\t<\/div>\n\t\t<\/section>\n\t\t\t\t\t<\/div>\n\t\t<\/div>\n\t\t\t\t\t<\/div>\n\t\t<\/section>\n\t\t\t\t<section class=\"elementor-section elementor-top-section elementor-element elementor-element-8ab0ab9 elementor-section-boxed elementor-section-height-default elementor-section-height-default\" data-id=\"8ab0ab9\" data-element_type=\"section\" data-e-type=\"section\">\n\t\t\t\t\t\t<div class=\"elementor-container elementor-column-gap-default\">\n\t\t\t\t\t<div class=\"elementor-column elementor-col-50 elementor-top-column elementor-element elementor-element-aba28ca\" data-id=\"aba28ca\" data-element_type=\"column\" data-e-type=\"column\">\n\t\t\t<div class=\"elementor-widget-wrap elementor-element-populated\">\n\t\t\t\t\t\t<div class=\"elementor-element elementor-element-61fdfa8 elementor-widget elementor-widget-text-editor\" data-id=\"61fdfa8\" data-element_type=\"widget\" data-e-type=\"widget\" data-widget_type=\"text-editor.default\">\n\t\t\t\t<div class=\"elementor-widget-container\">\n\t\t\t\t\t\t\t\t\t<p><img loading=\"lazy\" decoding=\"async\" class=\"alignnone size-full wp-image-1159\" src=\"https:\/\/sandrajaramillo.com\/site\/wp-content\/uploads\/2021\/05\/sandrajaramillo_icon_quotes_1_color.png\" alt=\"\" width=\"23\" height=\"20\" \/> <em>Recuerdo en el a\u00f1o 2002, una llamada de mi gran amigo Eduardo de Narv\u00e1ez para grabar un disco en los estudios de Sonolux, &#8220;es para una artista nueva&#8221; me dijo. Llegamos al estudio y comenzamos a escuchar unas canciones tan lindas e interpretadas de una manera tan especial, llenas de mensajes y un sentimiento incre\u00edble, adem\u00e1s con una propuesta muy interesante. Comenzamos a grabar y cada canci\u00f3n fue una experiencia inolvidable, con melod\u00edas muy lindas, bien logradas y mensajes directos con los que me identifiqu\u00e9 plenamente.<\/em><\/p>\t\t\t\t\t\t\t\t<\/div>\n\t\t\t\t<\/div>\n\t\t\t\t\t<\/div>\n\t\t<\/div>\n\t\t\t\t<div class=\"elementor-column elementor-col-50 elementor-top-column elementor-element elementor-element-61ad95d\" data-id=\"61ad95d\" data-element_type=\"column\" data-e-type=\"column\">\n\t\t\t<div class=\"elementor-widget-wrap elementor-element-populated\">\n\t\t\t\t\t\t<div class=\"elementor-element elementor-element-36b9f9e elementor-widget elementor-widget-image\" data-id=\"36b9f9e\" data-element_type=\"widget\" data-e-type=\"widget\" data-widget_type=\"image.default\">\n\t\t\t\t<div class=\"elementor-widget-container\">\n\t\t\t\t\t\t\t\t\t\t\t\t\t\t\t<img loading=\"lazy\" decoding=\"async\" width=\"800\" height=\"600\" src=\"https:\/\/sandrajaramillo.com\/site\/wp-content\/uploads\/2021\/05\/sandrajaramillo_musical_01.jpg\" class=\"attachment-large size-large wp-image-1151\" alt=\"\" srcset=\"https:\/\/sandrajaramillo.com\/site\/wp-content\/uploads\/2021\/05\/sandrajaramillo_musical_01.jpg 800w, https:\/\/sandrajaramillo.com\/site\/wp-content\/uploads\/2021\/05\/sandrajaramillo_musical_01-300x225.jpg 300w, https:\/\/sandrajaramillo.com\/site\/wp-content\/uploads\/2021\/05\/sandrajaramillo_musical_01-768x576.jpg 768w, https:\/\/sandrajaramillo.com\/site\/wp-content\/uploads\/2021\/05\/sandrajaramillo_musical_01-600x450.jpg 600w\" sizes=\"(max-width: 800px) 100vw, 800px\" \/>\t\t\t\t\t\t\t\t\t\t\t\t\t\t\t<\/div>\n\t\t\t\t<\/div>\n\t\t\t\t\t<\/div>\n\t\t<\/div>\n\t\t\t\t\t<\/div>\n\t\t<\/section>\n\t\t\t\t<section class=\"elementor-section elementor-top-section elementor-element elementor-element-567e03e elementor-section-boxed elementor-section-height-default elementor-section-height-default\" data-id=\"567e03e\" data-element_type=\"section\" data-e-type=\"section\">\n\t\t\t\t\t\t<div class=\"elementor-container elementor-column-gap-default\">\n\t\t\t\t\t<div class=\"elementor-column elementor-col-50 elementor-top-column elementor-element elementor-element-748d90d\" data-id=\"748d90d\" data-element_type=\"column\" data-e-type=\"column\">\n\t\t\t<div class=\"elementor-widget-wrap elementor-element-populated\">\n\t\t\t\t\t\t<div class=\"elementor-element elementor-element-639d2a4 elementor-widget elementor-widget-image\" data-id=\"639d2a4\" data-element_type=\"widget\" data-e-type=\"widget\" data-widget_type=\"image.default\">\n\t\t\t\t<div class=\"elementor-widget-container\">\n\t\t\t\t\t\t\t\t\t\t\t\t\t\t\t<img loading=\"lazy\" decoding=\"async\" width=\"1024\" height=\"768\" src=\"https:\/\/sandrajaramillo.com\/site\/wp-content\/uploads\/2021\/05\/sandrajaramillo_musical_02-1024x768.jpg\" class=\"attachment-large size-large wp-image-1152\" alt=\"\" srcset=\"https:\/\/sandrajaramillo.com\/site\/wp-content\/uploads\/2021\/05\/sandrajaramillo_musical_02-1024x768.jpg 1024w, https:\/\/sandrajaramillo.com\/site\/wp-content\/uploads\/2021\/05\/sandrajaramillo_musical_02-300x225.jpg 300w, https:\/\/sandrajaramillo.com\/site\/wp-content\/uploads\/2021\/05\/sandrajaramillo_musical_02-768x576.jpg 768w, https:\/\/sandrajaramillo.com\/site\/wp-content\/uploads\/2021\/05\/sandrajaramillo_musical_02-1536x1152.jpg 1536w, https:\/\/sandrajaramillo.com\/site\/wp-content\/uploads\/2021\/05\/sandrajaramillo_musical_02-600x450.jpg 600w, https:\/\/sandrajaramillo.com\/site\/wp-content\/uploads\/2021\/05\/sandrajaramillo_musical_02.jpg 2048w\" sizes=\"(max-width: 1024px) 100vw, 1024px\" \/>\t\t\t\t\t\t\t\t\t\t\t\t\t\t\t<\/div>\n\t\t\t\t<\/div>\n\t\t\t\t\t<\/div>\n\t\t<\/div>\n\t\t\t\t<div class=\"elementor-column elementor-col-50 elementor-top-column elementor-element elementor-element-17bec80\" data-id=\"17bec80\" data-element_type=\"column\" data-e-type=\"column\">\n\t\t\t<div class=\"elementor-widget-wrap elementor-element-populated\">\n\t\t\t\t\t\t<div class=\"elementor-element elementor-element-2a56221 elementor-widget elementor-widget-text-editor\" data-id=\"2a56221\" data-element_type=\"widget\" data-e-type=\"widget\" data-widget_type=\"text-editor.default\">\n\t\t\t\t<div class=\"elementor-widget-container\">\n\t\t\t\t\t\t\t\t\t<p><em>En medio de la grabaci\u00f3n, aparece la artista que llevaba escuchando hac\u00eda unas horas y comprob\u00e9 que no solo su voz era bella, sino su carisma, su sentido del humor, su humildad, su ternura y su energ\u00eda eran tan hermosas como su m\u00fasica.<\/em><\/p><p><em>Desde ese d\u00eda soy su fan y que me haya invitado a trabajar con ella y a producir su bella m\u00fasica, siempre ser\u00e1 un gran honor para mi.<\/em><\/p><p><em>La voz de Sandra es el reflejo de su alma y su sentir m\u00e1s profundo. Cada vez que grabamos una voz vibramos con su interpretaci\u00f3n, porque siempre entrega todo, ya sea en el escenario o en el estudio, una voz dulce, llena de carisma y hermosas melod\u00edas.<\/em> <img loading=\"lazy\" decoding=\"async\" class=\"alignnone size-full wp-image-1160\" src=\"https:\/\/sandrajaramillo.com\/site\/wp-content\/uploads\/2021\/05\/sandrajaramillo_icon_quotes_2_color.png\" alt=\"\" width=\"23\" height=\"20\" \/><\/p>\t\t\t\t\t\t\t\t<\/div>\n\t\t\t\t<\/div>\n\t\t\t\t\t<\/div>\n\t\t<\/div>\n\t\t\t\t\t<\/div>\n\t\t<\/section>\n\t\t\t\t<section class=\"elementor-section elementor-top-section elementor-element elementor-element-ff961ac elementor-section-boxed elementor-section-height-default elementor-section-height-default\" data-id=\"ff961ac\" data-element_type=\"section\" data-e-type=\"section\">\n\t\t\t\t\t\t<div class=\"elementor-container elementor-column-gap-default\">\n\t\t\t\t\t<div class=\"elementor-column elementor-col-50 elementor-top-column elementor-element elementor-element-583fa7a\" data-id=\"583fa7a\" data-element_type=\"column\" data-e-type=\"column\">\n\t\t\t<div class=\"elementor-widget-wrap elementor-element-populated\">\n\t\t\t\t\t\t<div class=\"elementor-element elementor-element-3fc52d3 elementor-widget elementor-widget-text-editor\" data-id=\"3fc52d3\" data-element_type=\"widget\" data-e-type=\"widget\" data-widget_type=\"text-editor.default\">\n\t\t\t\t<div class=\"elementor-widget-container\">\n\t\t\t\t\t\t\t\t\t<p><strong>La Fuerza Dentro<\/strong> es un disco muy especial para mi por el prop\u00f3sito tan hermoso por el cual fue creado, ayudar a las personas que atraviesan procesos de alguna enfermedad, es un acompa\u00f1amiento para su bienestar y recuperaci\u00f3n interior. Un reto que acept\u00e9 emocionado porque cada disco de Sandra es un paso adelante y un deleite musical, por el gusto y pasi\u00f3n que le pone a cada proyecto que emprende. Fue un trabajo incre\u00edble por el equipo que nos acompa\u00f1\u00f3, grandes m\u00fasicos, ingenieros, productores y amigos que estaban atentos al resultado. Solo me queda agradecer desde el coraz\u00f3n cada canci\u00f3n y cada momento que vivimos realizando este sue\u00f1o compartido de <strong>LA FUERZA DENTRO<\/strong>.<\/p><p>Espero lo disfruten escuch\u00e1ndolo y comparti\u00e9ndolo como nosotros lo hemos disfrutados.<\/p><p>Gracias por la m\u00fasica que cura el Alma y el coraz\u00f3n.<\/p><p><strong>Juan Carlos &#8220;el Chato&#8221; Rivas<\/strong><br \/><strong>Productor Musical<\/strong><\/p>\t\t\t\t\t\t\t\t<\/div>\n\t\t\t\t<\/div>\n\t\t\t\t\t<\/div>\n\t\t<\/div>\n\t\t\t\t<div class=\"elementor-column elementor-col-50 elementor-top-column elementor-element elementor-element-4f2a23b\" data-id=\"4f2a23b\" data-element_type=\"column\" data-e-type=\"column\">\n\t\t\t<div class=\"elementor-widget-wrap elementor-element-populated\">\n\t\t\t\t\t\t<div class=\"elementor-element elementor-element-7bb964e elementor-widget elementor-widget-image\" data-id=\"7bb964e\" data-element_type=\"widget\" data-e-type=\"widget\" data-widget_type=\"image.default\">\n\t\t\t\t<div class=\"elementor-widget-container\">\n\t\t\t\t\t\t\t\t\t\t\t\t\t\t\t<img loading=\"lazy\" decoding=\"async\" width=\"757\" height=\"757\" src=\"https:\/\/sandrajaramillo.com\/site\/wp-content\/uploads\/2021\/05\/sandrajaramillo_musica_03.jpg\" class=\"attachment-large size-large wp-image-1154\" alt=\"\" srcset=\"https:\/\/sandrajaramillo.com\/site\/wp-content\/uploads\/2021\/05\/sandrajaramillo_musica_03.jpg 757w, https:\/\/sandrajaramillo.com\/site\/wp-content\/uploads\/2021\/05\/sandrajaramillo_musica_03-300x300.jpg 300w, https:\/\/sandrajaramillo.com\/site\/wp-content\/uploads\/2021\/05\/sandrajaramillo_musica_03-150x150.jpg 150w, https:\/\/sandrajaramillo.com\/site\/wp-content\/uploads\/2021\/05\/sandrajaramillo_musica_03-600x600.jpg 600w, https:\/\/sandrajaramillo.com\/site\/wp-content\/uploads\/2021\/05\/sandrajaramillo_musica_03-100x100.jpg 100w\" sizes=\"(max-width: 757px) 100vw, 757px\" \/>\t\t\t\t\t\t\t\t\t\t\t\t\t\t\t<\/div>\n\t\t\t\t<\/div>\n\t\t\t\t\t<\/div>\n\t\t<\/div>\n\t\t\t\t\t<\/div>\n\t\t<\/section>\n\t\t\t\t<\/div>\n\t\t","protected":false},"excerpt":{"rendered":"<p>La m\u00fasica mi gran aliada, me condujo&nbsp;al inmenso placer que siento de poder&nbsp;hacer lo que m\u00e1s amo y as\u00ed inspirar y&nbsp;contagiar de buena energ\u00eda a quienes&nbsp;escuchan mis canciones. https:\/\/www.youtube.com\/watch?v=fBoVmF5DbfQ Al \u201cCelebrar\u201d activamos en el cuerpo qu\u00edmicos como la serotonina, que nos hacen sentir de manera extraordinaria. Nuestro sistema nervioso se va a revitalizar y va&hellip;&nbsp;<a href=\"https:\/\/sandrajaramillo.com\/site\/musica\/\" class=\"\" rel=\"bookmark\">Leer m\u00e1s &raquo;<span class=\"screen-reader-text\">M\u00fasica<\/span><\/a><\/p>\n","protected":false},"author":1,"featured_media":0,"parent":0,"menu_order":300,"comment_status":"closed","ping_status":"closed","template":"page-templates\/template-pagebuilder-full-width.php","meta":{"neve_meta_sidebar":"full-width","neve_meta_container":"","neve_meta_enable_content_width":"on","neve_meta_content_width":100,"neve_meta_title_alignment":"","neve_meta_author_avatar":"","neve_post_elements_order":"","neve_meta_disable_header":"","neve_meta_disable_footer":"","neve_meta_disable_title":"","footnotes":""},"class_list":["post-326","page","type-page","status-publish","hentry"],"_links":{"self":[{"href":"https:\/\/sandrajaramillo.com\/site\/wp-json\/wp\/v2\/pages\/326","targetHints":{"allow":["GET"]}}],"collection":[{"href":"https:\/\/sandrajaramillo.com\/site\/wp-json\/wp\/v2\/pages"}],"about":[{"href":"https:\/\/sandrajaramillo.com\/site\/wp-json\/wp\/v2\/types\/page"}],"author":[{"embeddable":true,"href":"https:\/\/sandrajaramillo.com\/site\/wp-json\/wp\/v2\/users\/1"}],"replies":[{"embeddable":true,"href":"https:\/\/sandrajaramillo.com\/site\/wp-json\/wp\/v2\/comments?post=326"}],"version-history":[{"count":109,"href":"https:\/\/sandrajaramillo.com\/site\/wp-json\/wp\/v2\/pages\/326\/revisions"}],"predecessor-version":[{"id":2098,"href":"https:\/\/sandrajaramillo.com\/site\/wp-json\/wp\/v2\/pages\/326\/revisions\/2098"}],"wp:attachment":[{"href":"https:\/\/sandrajaramillo.com\/site\/wp-json\/wp\/v2\/media?parent=326"}],"curies":[{"name":"wp","href":"https:\/\/api.w.org\/{rel}","templated":true}]}}