{"id":303,"date":"2021-03-01T00:00:56","date_gmt":"2021-03-01T05:00:56","guid":{"rendered":"http:\/\/sandrajaramillo.com\/site\/?page_id=303"},"modified":"2023-10-16T11:54:18","modified_gmt":"2023-10-16T16:54:18","slug":"noticias","status":"publish","type":"page","link":"https:\/\/sandrajaramillo.com\/site\/noticias\/","title":{"rendered":"Noticias"},"content":{"rendered":"\t\t<div data-elementor-type=\"wp-page\" data-elementor-id=\"303\" class=\"elementor elementor-303\">\n\t\t\t\t\t\t<section class=\"elementor-section elementor-top-section elementor-element elementor-element-de1892b elementor-section-boxed elementor-section-height-default elementor-section-height-default\" data-id=\"de1892b\" data-element_type=\"section\" data-e-type=\"section\" data-settings=\"{&quot;background_background&quot;:&quot;classic&quot;}\">\n\t\t\t\t\t\t<div class=\"elementor-container elementor-column-gap-default\">\n\t\t\t\t\t<div class=\"elementor-column elementor-col-100 elementor-top-column elementor-element elementor-element-bc908f4\" data-id=\"bc908f4\" data-element_type=\"column\" data-e-type=\"column\">\n\t\t\t<div class=\"elementor-widget-wrap elementor-element-populated\">\n\t\t\t\t\t\t<div class=\"elementor-element elementor-element-2217b45 elementor-widget elementor-widget-heading\" data-id=\"2217b45\" data-element_type=\"widget\" data-e-type=\"widget\" data-widget_type=\"heading.default\">\n\t\t\t\t<div class=\"elementor-widget-container\">\n\t\t\t\t\t<h5 class=\"elementor-heading-title elementor-size-xxl\">Noticias<\/h5>\t\t\t\t<\/div>\n\t\t\t\t<\/div>\n\t\t\t\t\t<\/div>\n\t\t<\/div>\n\t\t\t\t\t<\/div>\n\t\t<\/section>\n\t\t\t\t<section class=\"elementor-section elementor-top-section elementor-element elementor-element-94b1902 elementor-section-boxed elementor-section-height-default elementor-section-height-default\" data-id=\"94b1902\" data-element_type=\"section\" data-e-type=\"section\">\n\t\t\t\t\t\t<div class=\"elementor-container elementor-column-gap-default\">\n\t\t\t\t\t<div class=\"elementor-column elementor-col-100 elementor-top-column elementor-element elementor-element-9f3f576\" data-id=\"9f3f576\" data-element_type=\"column\" data-e-type=\"column\">\n\t\t\t<div class=\"elementor-widget-wrap elementor-element-populated\">\n\t\t\t\t\t\t<div class=\"elementor-element elementor-element-71077af elementor-widget elementor-widget-obfx-posts-grid\" data-id=\"71077af\" data-element_type=\"widget\" data-e-type=\"widget\" data-widget_type=\"obfx-posts-grid.default\">\n\t\t\t\t<div class=\"elementor-widget-container\">\n\t\t\t\t\t<div class=\"obfx-grid\"><div class=\"obfx-grid-container obfx-grid-style-list obfx-grid-desktop-1\"><div class=\"obfx-grid-wrapper\"><article class=\"obfx-grid-col\"><div class=\"obfx-grid-col-image\" style=\"\"><a href=\"https:\/\/sandrajaramillo.com\/site\/2023\/06\/01\/gran-lanzamiento-de-mi-disco-la-fuerza-dentro\/\" title=\"Lanzamiento \u201cLa Fuerza Dentro\u201d\"><img fetchpriority=\"high\" decoding=\"async\" width=\"768\" height=\"1024\" src=\"https:\/\/sandrajaramillo.com\/site\/wp-content\/uploads\/2023\/06\/sandrajaramillo_lanzamiento_disco_la_fuerza_dentro_01.jpg\" class=\"img-responsive wp-post-image\" alt=\"sandrajaramillo_lanzamiento_disco_la_fuerza_dentro_01\" srcset=\"https:\/\/sandrajaramillo.com\/site\/wp-content\/uploads\/2023\/06\/sandrajaramillo_lanzamiento_disco_la_fuerza_dentro_01.jpg 768w, https:\/\/sandrajaramillo.com\/site\/wp-content\/uploads\/2023\/06\/sandrajaramillo_lanzamiento_disco_la_fuerza_dentro_01-225x300.jpg 225w\" sizes=\"(max-width: 768px) 100vw, 768px\" \/><\/a><\/div><div class=\"obfx-grid-col-content\">\t\t\t<h2 class=\"entry-title obfx-grid-title\">\n\t\t\t\t\t\t\t<a href=\"https:\/\/sandrajaramillo.com\/site\/2023\/06\/01\/gran-lanzamiento-de-mi-disco-la-fuerza-dentro\/\" title=\"Lanzamiento \u201cLa Fuerza Dentro\u201d\">\n\t\t\t\t\tLanzamiento \u201cLa Fuerza Dentro\u201d\t\t\t\t<\/a>\n\t\t\t\t\t\t\t<\/h2>\n\t\t\t\t\t\t\t<div class=\"entry-meta obfx-grid-meta\">\n\n\t\t\t\t\t\t\t\t\t\t\t\t\t<span class=\"obfx-grid-date\">\n\t\t\t\t\t\t\t\t\t<i class=\"fas fa-calendar\"><\/i>1 junio, 2023\t\t\t\t\t\t\t\t<\/span>\n\t\t\t\t\t\t\t\t\n\t\t\t\t<\/div>\n\t\t\t\t\t\t\t<div class=\"entry-content obfx-grid-content\">\n\t\t\t\tEl pasado 27 de mayo en el Teatro Sonia Fajardo Guerrero de la cuidad de Bogot\u00e1, se llev\u00f3 a cabo el lanzamiento del proyecto \u201cLa Fuerza Dentro\u201d Libro y \u00e1lbum musical. La noche tuvo varios matices y sorpresas, entre la m\u00fasica, los videos, los testimonios y las reflexiones de la&hellip;\t\t\t<\/div>\n\t\t\t<\/div><\/article><\/div><div class=\"obfx-grid-wrapper\"><article class=\"obfx-grid-col\"><div class=\"obfx-grid-col-image\" style=\"\"><a href=\"https:\/\/sandrajaramillo.com\/site\/2021\/03\/01\/novedad-02\/\" title=\"La fuerza dentro, este libro es un testimonio\"><img decoding=\"async\" width=\"768\" height=\"496\" src=\"https:\/\/sandrajaramillo.com\/site\/wp-content\/uploads\/2021\/03\/sandra_jaramillo_la_fuerza_dentro_00.jpg\" class=\"img-responsive wp-post-image\" alt=\"sandra_jaramillo_la_fuerza_dentro_00\" srcset=\"https:\/\/sandrajaramillo.com\/site\/wp-content\/uploads\/2021\/03\/sandra_jaramillo_la_fuerza_dentro_00.jpg 768w, https:\/\/sandrajaramillo.com\/site\/wp-content\/uploads\/2021\/03\/sandra_jaramillo_la_fuerza_dentro_00-300x194.jpg 300w, https:\/\/sandrajaramillo.com\/site\/wp-content\/uploads\/2021\/03\/sandra_jaramillo_la_fuerza_dentro_00-600x388.jpg 600w\" sizes=\"(max-width: 768px) 100vw, 768px\" \/><\/a><\/div><div class=\"obfx-grid-col-content\">\t\t\t<h2 class=\"entry-title obfx-grid-title\">\n\t\t\t\t\t\t\t<a href=\"https:\/\/sandrajaramillo.com\/site\/2021\/03\/01\/novedad-02\/\" title=\"La fuerza dentro, este libro es un testimonio\">\n\t\t\t\t\tLa fuerza dentro, este libro es un testimonio\t\t\t\t<\/a>\n\t\t\t\t\t\t\t<\/h2>\n\t\t\t\t\t\t\t<div class=\"entry-meta obfx-grid-meta\">\n\n\t\t\t\t\t\t\t\t\t\t\t\t\t<span class=\"obfx-grid-date\">\n\t\t\t\t\t\t\t\t\t<i class=\"fas fa-calendar\"><\/i>1 marzo, 2021\t\t\t\t\t\t\t\t<\/span>\n\t\t\t\t\t\t\t\t\n\t\t\t\t<\/div>\n\t\t\t\t\t\t\t<div class=\"entry-content obfx-grid-content\">\n\t\t\t\tLa fuerza dentro es un testimonio de vida breve y ameno. En cada cap\u00edtulo, el lector encontrar\u00e1 la experiencia de Sandra Jaramillo en cartas cortas y contundentes, que dirige a un misterioso personaje que ha elegido como corresponsal.\t\t\t<\/div>\n\t\t\t<\/div><\/article><\/div><div class=\"obfx-grid-wrapper\"><article class=\"obfx-grid-col\"><div class=\"obfx-grid-col-image\" style=\"\"><a href=\"https:\/\/sandrajaramillo.com\/site\/2021\/03\/01\/novedad-01\/\" title=\"La Fuerza Dentro es un disco muy especial\"><img decoding=\"async\" width=\"800\" height=\"445\" src=\"https:\/\/sandrajaramillo.com\/site\/wp-content\/uploads\/2021\/03\/sandrajaramillo_blog_20210202.png\" class=\"img-responsive wp-post-image\" alt=\"La Fuerza Adentro\" srcset=\"https:\/\/sandrajaramillo.com\/site\/wp-content\/uploads\/2021\/03\/sandrajaramillo_blog_20210202.png 800w, https:\/\/sandrajaramillo.com\/site\/wp-content\/uploads\/2021\/03\/sandrajaramillo_blog_20210202-300x167.png 300w, https:\/\/sandrajaramillo.com\/site\/wp-content\/uploads\/2021\/03\/sandrajaramillo_blog_20210202-768x427.png 768w, https:\/\/sandrajaramillo.com\/site\/wp-content\/uploads\/2021\/03\/sandrajaramillo_blog_20210202-600x334.png 600w\" sizes=\"(max-width: 800px) 100vw, 800px\" \/><\/a><\/div><div class=\"obfx-grid-col-content\">\t\t\t<h2 class=\"entry-title obfx-grid-title\">\n\t\t\t\t\t\t\t<a href=\"https:\/\/sandrajaramillo.com\/site\/2021\/03\/01\/novedad-01\/\" title=\"La Fuerza Dentro es un disco muy especial\">\n\t\t\t\t\tLa Fuerza Dentro es un disco muy especial\t\t\t\t<\/a>\n\t\t\t\t\t\t\t<\/h2>\n\t\t\t\t\t\t\t<div class=\"entry-meta obfx-grid-meta\">\n\n\t\t\t\t\t\t\t\t\t\t\t\t\t<span class=\"obfx-grid-date\">\n\t\t\t\t\t\t\t\t\t<i class=\"fas fa-calendar\"><\/i>1 marzo, 2021\t\t\t\t\t\t\t\t<\/span>\n\t\t\t\t\t\t\t\t\n\t\t\t\t<\/div>\n\t\t\t\t\t\t\t<div class=\"entry-content obfx-grid-content\">\n\t\t\t\tLa m\u00fasica mi gran aliada, me condujo al inmenso placer que siento de poder hacer lo que m\u00e1s amo y as\u00ed inspirar y contagiar de buena energ\u00eda a quienes escuchan mis canciones:\t\t\t<\/div>\n\t\t\t<\/div><\/article><\/div><div class=\"obfx-grid-wrapper\"><article class=\"obfx-grid-col\"><div class=\"obfx-grid-col-image\" style=\"\"><a href=\"https:\/\/sandrajaramillo.com\/site\/2021\/03\/01\/novedad-03\/\" title=\"\u201cCelebrar\u201d video oficial\"><img loading=\"lazy\" decoding=\"async\" width=\"800\" height=\"445\" src=\"https:\/\/sandrajaramillo.com\/site\/wp-content\/uploads\/2021\/03\/sandrajaramillo_blog_20210201.png\" class=\"img-responsive wp-post-image\" alt=\"Video musical: Celebraci\u00f3n\" srcset=\"https:\/\/sandrajaramillo.com\/site\/wp-content\/uploads\/2021\/03\/sandrajaramillo_blog_20210201.png 800w, https:\/\/sandrajaramillo.com\/site\/wp-content\/uploads\/2021\/03\/sandrajaramillo_blog_20210201-300x167.png 300w, https:\/\/sandrajaramillo.com\/site\/wp-content\/uploads\/2021\/03\/sandrajaramillo_blog_20210201-768x427.png 768w, https:\/\/sandrajaramillo.com\/site\/wp-content\/uploads\/2021\/03\/sandrajaramillo_blog_20210201-600x334.png 600w\" sizes=\"(max-width: 800px) 100vw, 800px\" \/><\/a><\/div><div class=\"obfx-grid-col-content\">\t\t\t<h2 class=\"entry-title obfx-grid-title\">\n\t\t\t\t\t\t\t<a href=\"https:\/\/sandrajaramillo.com\/site\/2021\/03\/01\/novedad-03\/\" title=\"\u201cCelebrar\u201d video oficial\">\n\t\t\t\t\t\u201cCelebrar\u201d video oficial\t\t\t\t<\/a>\n\t\t\t\t\t\t\t<\/h2>\n\t\t\t\t\t\t\t<div class=\"entry-meta obfx-grid-meta\">\n\n\t\t\t\t\t\t\t\t\t\t\t\t\t<span class=\"obfx-grid-date\">\n\t\t\t\t\t\t\t\t\t<i class=\"fas fa-calendar\"><\/i>1 marzo, 2021\t\t\t\t\t\t\t\t<\/span>\n\t\t\t\t\t\t\t\t\n\t\t\t\t<\/div>\n\t\t\t\t\t\t\t<div class=\"entry-content obfx-grid-content\">\n\t\t\t\t\t\t\t<\/div>\n\t\t\t<\/div><\/article><\/div><\/div><!-- .obfx-grid-container --><\/div><!-- .obfx-grid -->\t\t\t\t<\/div>\n\t\t\t\t<\/div>\n\t\t\t\t\t<\/div>\n\t\t<\/div>\n\t\t\t\t\t<\/div>\n\t\t<\/section>\n\t\t\t\t<\/div>\n\t\t","protected":false},"excerpt":{"rendered":"<p>Noticias La fuerza dentro, este libro es un testimonio 1 marzo, 2021 La fuerza dentro es un testimonio de vida breve y ameno. En cada cap\u00edtulo, el lector encontrar\u00e1 la experiencia de Sandra Jaramillo en cartas cortas y contundentes, que dirige a un misterioso personaje que ha elegido como corresponsal. La Fuerza Dentro es un&hellip;&nbsp;<a href=\"https:\/\/sandrajaramillo.com\/site\/2021\/03\/01\/novedad-03\/\" class=\"\" rel=\"bookmark\">Leer m\u00e1s &raquo;<span class=\"screen-reader-text\">\u201cCelebrar\u201d video oficial<\/span><\/a><\/p>\n","protected":false},"author":1,"featured_media":0,"parent":0,"menu_order":1100,"comment_status":"closed","ping_status":"closed","template":"page-templates\/template-pagebuilder-full-width.php","meta":{"neve_meta_sidebar":"full-width","neve_meta_container":"","neve_meta_enable_content_width":"on","neve_meta_content_width":100,"neve_meta_title_alignment":"","neve_meta_author_avatar":"","neve_post_elements_order":"","neve_meta_disable_header":"","neve_meta_disable_footer":"","neve_meta_disable_title":"","footnotes":""},"class_list":["post-303","page","type-page","status-publish","hentry"],"_links":{"self":[{"href":"https:\/\/sandrajaramillo.com\/site\/wp-json\/wp\/v2\/pages\/303","targetHints":{"allow":["GET"]}}],"collection":[{"href":"https:\/\/sandrajaramillo.com\/site\/wp-json\/wp\/v2\/pages"}],"about":[{"href":"https:\/\/sandrajaramillo.com\/site\/wp-json\/wp\/v2\/types\/page"}],"author":[{"embeddable":true,"href":"https:\/\/sandrajaramillo.com\/site\/wp-json\/wp\/v2\/users\/1"}],"replies":[{"embeddable":true,"href":"https:\/\/sandrajaramillo.com\/site\/wp-json\/wp\/v2\/comments?post=303"}],"version-history":[{"count":20,"href":"https:\/\/sandrajaramillo.com\/site\/wp-json\/wp\/v2\/pages\/303\/revisions"}],"predecessor-version":[{"id":2249,"href":"https:\/\/sandrajaramillo.com\/site\/wp-json\/wp\/v2\/pages\/303\/revisions\/2249"}],"wp:attachment":[{"href":"https:\/\/sandrajaramillo.com\/site\/wp-json\/wp\/v2\/media?parent=303"}],"curies":[{"name":"wp","href":"https:\/\/api.w.org\/{rel}","templated":true}]}}